{"id":189,"date":"2022-10-25T23:36:14","date_gmt":"2022-10-25T23:36:14","guid":{"rendered":"https:\/\/v2testsite3.hua.gr\/?page_id=189"},"modified":"2026-02-26T07:35:12","modified_gmt":"2026-02-26T07:35:12","slug":"committees","status":"publish","type":"page","link":"https:\/\/cisose.fit.ac.jp\/bds\/index.php\/committees\/","title":{"rendered":"Committees"},"content":{"rendered":"\t\t<div data-elementor-type=\"wp-page\" data-elementor-id=\"189\" class=\"elementor elementor-189\">\n\t\t\t\t\t\t<section class=\"elementor-section elementor-top-section elementor-element elementor-element-8c7ffc7 elementor-section-boxed elementor-section-height-default elementor-section-height-default\" data-id=\"8c7ffc7\" data-element_type=\"section\">\n\t\t\t\t\t\t<div class=\"elementor-container elementor-column-gap-default\">\n\t\t\t\t\t<div class=\"elementor-column elementor-col-100 elementor-top-column elementor-element elementor-element-ed9e6a1\" data-id=\"ed9e6a1\" data-element_type=\"column\">\n\t\t\t<div class=\"elementor-widget-wrap elementor-element-populated\">\n\t\t\t\t\t\t<div class=\"elementor-element elementor-element-5d4b596 elementor-widget elementor-widget-heading\" data-id=\"5d4b596\" data-element_type=\"widget\" data-widget_type=\"heading.default\">\n\t\t\t\t\t<h3 class=\"elementor-heading-title elementor-size-default\">General Chairs<\/h3>\t\t\t\t<\/div>\n\t\t\t\t<div class=\"elementor-element elementor-element-117f222 elementor-widget elementor-widget-shortcode\" data-id=\"117f222\" data-element_type=\"widget\" data-widget_type=\"shortcode.default\">\n\t\t\t\t\t\t\t<div class=\"elementor-shortcode\">\t<!-- wpshopmart team builder design 1 wrapper -->\r\n\t<div class=\"wpsm_team_1_b_row\" id=\"wpsm_team_1_b_row_1033\">\r\n\t\t<div class=\"wpsm_row\">  \r\n\t\t\t<style>\r\n\t\t\t#wpsm_team_1_b_row_1033 .wpsm_team_1_member_wrapper_inner h3{\r\n\t\t\t\tcolor:#000000 !important;\r\n\t\t\t\tfont-size:18px !important;\r\n\t\t\t\t\t\t\t\t  font-family:'Arial';\r\n\t\t\t\t\t\t\t\t\r\n\t\t\t}\r\n\t\t\t#wpsm_team_1_b_row_1033 .wpsm_team_1_name_divider{\r\n\t\t\t\tbackground-color:#000000 !important;\r\n\t\t\t}\r\n\t\t\t#wpsm_team_1_b_row_1033 .wpsm_team_1_b_desig{\r\n\t\t\t\tcolor:#000000 !important;\r\n\t\t\t\tfont-size:14px !important;\r\n\t\t\t\t\t\t\t\t   font-family:'Arial';\r\n\t\t\t\t\t\t\t}\r\n\t\t\t#wpsm_team_1_b_row_1033 .wpsm_team_1_b_desc{\r\n\t\t\t\tcolor:#000000 !important;\r\n\t\t\t\tfont-size:14px !important;\r\n\t\t\t\t\t\t\t\t   font-family:'Arial';\r\n\t\t\t\t\t\t\t}\r\n\t\t\t#wpsm_team_1_b_row_1033  p{\r\n\t\t\t\tcolor:#000000 !important;\r\n\t\t\t\tfont-size:14px !important;\r\n\t\t\t    \t\t\t\t   font-family:'Arial';\r\n\t\t\t\t\t\t\t\t\r\n\t\t\t}\r\n\t\t\t\r\n\t\t\t#wpsm_team_1_b_row_1033 .wpsm_team_1_social_div a i{\r\n\t\t\t\tcolor:#4f4f4f !important;\r\n\t\t\t\tbackground:#e5e5e5 !important;\r\n\t\t\t}\r\n\t\t\t\t\t\t\r\n\t\t\t<\/style>\r\n\t\t\t\t\t\t \r\n\t\t\t\t\t<div class=\"wpsm_col-md-3 wpsm_col-sm-6 wpsm-col-div wpsm_single_team\">\r\n\t\t\t\t\t\t<div class=\"wpsm_team_1_member_wrapper\">\r\n\t\t\t\t\t\t\t<img decoding=\"async\" class=\"img-responsive wpsm_team_1_mem_img\" src=\"https:\/\/cisose.fit.ac.jp\/bds\/wp-content\/uploads\/2025\/12\/s200_iraklis.varlamis.jpg\" alt=\"Iraklis Varlamis\">\r\n\t\t\t\t\t\t\t<div class=\"wpsm_team_1_member_wrapper_inner\">\r\n\t\t\t\t\t\t\t\t<h3>\r\n\t\t\t\t\t\t\t\t\tIraklis Varlamis\t\t\t\t\t\t\t\t\t<div class=\"wpsm_team_1_name_divider\"><\/div>\r\n\t\t\t\t\t\t\t\t<\/h3>\r\n\t\t\t\t\t\t\t\t\t\t\t\t\t\t\t\t<p class=\"wpsm_team_1_b_desc\"> Harokopio University of Athens, Greece <\/p> \t\t\t\t\t\t\t\t<div class=\"wpsm_team_1_social_div\">\r\n\t\t\t\t\t\t\t\t\t\t\t\t\t\t\t\t\t\t\t\t\t\t\t\t\t\t\t\t\t\t\t\t\t\t\t\t\t\t\t\t\t\t\t\t<\/div>\r\n\t\t\t\t\t\t\t<\/div>\r\n\t\t\t\t\t\t<\/div>\r\n\t\t\t\t\t<\/div>\r\n\t\t\t\t\t\t\t\t\t\t\t\t\t \r\n\t\t\t\t\t<div class=\"wpsm_col-md-3 wpsm_col-sm-6 wpsm-col-div wpsm_single_team\">\r\n\t\t\t\t\t\t<div class=\"wpsm_team_1_member_wrapper\">\r\n\t\t\t\t\t\t\t<img decoding=\"async\" class=\"img-responsive wpsm_team_1_mem_img\" src=\"https:\/\/cisose.fit.ac.jp\/bds\/wp-content\/uploads\/2025\/12\/magda2-e1766411599424.jpg\" alt=\"Magdalini Eirinaki\">\r\n\t\t\t\t\t\t\t<div class=\"wpsm_team_1_member_wrapper_inner\">\r\n\t\t\t\t\t\t\t\t<h3>\r\n\t\t\t\t\t\t\t\t\tMagdalini Eirinaki\t\t\t\t\t\t\t\t\t<div class=\"wpsm_team_1_name_divider\"><\/div>\r\n\t\t\t\t\t\t\t\t<\/h3>\r\n\t\t\t\t\t\t\t\t\t\t\t\t\t\t\t\t<p class=\"wpsm_team_1_b_desc\"> San Jose State University, USA <\/p> \t\t\t\t\t\t\t\t<div class=\"wpsm_team_1_social_div\">\r\n\t\t\t\t\t\t\t\t\t\t\t\t\t\t\t\t\t\t\t\t\t\t\t\t\t\t\t\t\t\t\t\t\t\t\t\t\t\t\t\t\t\t\t\t<\/div>\r\n\t\t\t\t\t\t\t<\/div>\r\n\t\t\t\t\t\t<\/div>\r\n\t\t\t\t\t<\/div>\r\n\t\t\t\t\t\t\t\t\t\t\t\t\t \r\n\t\t\t\t\t<div class=\"wpsm_col-md-3 wpsm_col-sm-6 wpsm-col-div wpsm_single_team\">\r\n\t\t\t\t\t\t<div class=\"wpsm_team_1_member_wrapper\">\r\n\t\t\t\t\t\t\t<img decoding=\"async\" class=\"img-responsive wpsm_team_1_mem_img\" src=\"https:\/\/cisose.fit.ac.jp\/bds\/wp-content\/uploads\/2025\/12\/100000012-e1766411750415.png\" alt=\"Hiroyuki Fujioka\">\r\n\t\t\t\t\t\t\t<div class=\"wpsm_team_1_member_wrapper_inner\">\r\n\t\t\t\t\t\t\t\t<h3>\r\n\t\t\t\t\t\t\t\t\tHiroyuki Fujioka\t\t\t\t\t\t\t\t\t<div class=\"wpsm_team_1_name_divider\"><\/div>\r\n\t\t\t\t\t\t\t\t<\/h3>\r\n\t\t\t\t\t\t\t\t\t\t\t\t\t\t\t\t<p class=\"wpsm_team_1_b_desc\"> Fukuoka Institute of Technology, Japan <\/p> \t\t\t\t\t\t\t\t<div class=\"wpsm_team_1_social_div\">\r\n\t\t\t\t\t\t\t\t\t\t\t\t\t\t\t\t\t\t\t\t\t\t\t\t\t\t\t\t\t\t\t\t\t\t\t\t\t\t\t\t\t\t\t\t<\/div>\r\n\t\t\t\t\t\t\t<\/div>\r\n\t\t\t\t\t\t<\/div>\r\n\t\t\t\t\t<\/div>\r\n\t\t\t\t\t\t\t\t\t\t\t\t\r\n\t\t<\/div>\r\n\t<\/div><\/div>\n\t\t\t\t\t\t<\/div>\n\t\t\t\t<div class=\"elementor-element elementor-element-2816f69 elementor-widget elementor-widget-heading\" data-id=\"2816f69\" data-element_type=\"widget\" data-widget_type=\"heading.default\">\n\t\t\t\t\t<h3 class=\"elementor-heading-title elementor-size-default\">Program Chairs<\/h3>\t\t\t\t<\/div>\n\t\t\t\t<div class=\"elementor-element elementor-element-d832621 elementor-widget elementor-widget-shortcode\" data-id=\"d832621\" data-element_type=\"widget\" data-widget_type=\"shortcode.default\">\n\t\t\t\t\t\t\t<div class=\"elementor-shortcode\">\t<!-- wpshopmart team builder design 1 wrapper -->\r\n\t<div class=\"wpsm_team_1_b_row\" id=\"wpsm_team_1_b_row_1035\">\r\n\t\t<div class=\"wpsm_row\">  \r\n\t\t\t<style>\r\n\t\t\t#wpsm_team_1_b_row_1035 .wpsm_team_1_member_wrapper_inner h3{\r\n\t\t\t\tcolor:#000000 !important;\r\n\t\t\t\tfont-size:18px !important;\r\n\t\t\t\t\t\t\t\t  font-family:'Arial';\r\n\t\t\t\t\t\t\t\t\r\n\t\t\t}\r\n\t\t\t#wpsm_team_1_b_row_1035 .wpsm_team_1_name_divider{\r\n\t\t\t\tbackground-color:#000000 !important;\r\n\t\t\t}\r\n\t\t\t#wpsm_team_1_b_row_1035 .wpsm_team_1_b_desig{\r\n\t\t\t\tcolor:#000000 !important;\r\n\t\t\t\tfont-size:14px !important;\r\n\t\t\t\t\t\t\t\t   font-family:'Arial';\r\n\t\t\t\t\t\t\t}\r\n\t\t\t#wpsm_team_1_b_row_1035 .wpsm_team_1_b_desc{\r\n\t\t\t\tcolor:#000000 !important;\r\n\t\t\t\tfont-size:14px !important;\r\n\t\t\t\t\t\t\t\t   font-family:'Arial';\r\n\t\t\t\t\t\t\t}\r\n\t\t\t#wpsm_team_1_b_row_1035  p{\r\n\t\t\t\tcolor:#000000 !important;\r\n\t\t\t\tfont-size:14px !important;\r\n\t\t\t    \t\t\t\t   font-family:'Arial';\r\n\t\t\t\t\t\t\t\t\r\n\t\t\t}\r\n\t\t\t\r\n\t\t\t#wpsm_team_1_b_row_1035 .wpsm_team_1_social_div a i{\r\n\t\t\t\tcolor:#4f4f4f !important;\r\n\t\t\t\tbackground:#e5e5e5 !important;\r\n\t\t\t}\r\n\t\t\t\t\t\t\r\n\t\t\t<\/style>\r\n\t\t\t\t\t\t \r\n\t\t\t\t\t<div class=\"wpsm_col-md-3 wpsm_col-sm-6 wpsm-col-div wpsm_single_team\">\r\n\t\t\t\t\t\t<div class=\"wpsm_team_1_member_wrapper\">\r\n\t\t\t\t\t\t\t<img decoding=\"async\" class=\"img-responsive wpsm_team_1_mem_img\" src=\"https:\/\/cisose.fit.ac.jp\/bds\/wp-content\/uploads\/2025\/12\/katerina_potika.jpg\" alt=\"Katerina Potika\">\r\n\t\t\t\t\t\t\t<div class=\"wpsm_team_1_member_wrapper_inner\">\r\n\t\t\t\t\t\t\t\t<h3>\r\n\t\t\t\t\t\t\t\t\tKaterina Potika\t\t\t\t\t\t\t\t\t<div class=\"wpsm_team_1_name_divider\"><\/div>\r\n\t\t\t\t\t\t\t\t<\/h3>\r\n\t\t\t\t\t\t\t\t\t\t\t\t\t\t\t\t<p class=\"wpsm_team_1_b_desc\"> San Jose State University, USA <\/p> \t\t\t\t\t\t\t\t<div class=\"wpsm_team_1_social_div\">\r\n\t\t\t\t\t\t\t\t\t\t\t\t\t\t\t\t\t\t\t\t\t\t\t\t\t\t\t\t\t\t\t\t\t\t\t\t\t\t\t\t\t\t\t\t<\/div>\r\n\t\t\t\t\t\t\t<\/div>\r\n\t\t\t\t\t\t<\/div>\r\n\t\t\t\t\t<\/div>\r\n\t\t\t\t\t\t\t\t\t\t\t\t\t \r\n\t\t\t\t\t<div class=\"wpsm_col-md-3 wpsm_col-sm-6 wpsm-col-div wpsm_single_team\">\r\n\t\t\t\t\t\t<div class=\"wpsm_team_1_member_wrapper\">\r\n\t\t\t\t\t\t\t<img decoding=\"async\" class=\"img-responsive wpsm_team_1_mem_img\" src=\"https:\/\/cisose.fit.ac.jp\/bds\/wp-content\/uploads\/2025\/12\/paolo-nesi-e1766418804774.png\" alt=\"Paolo Nesi\">\r\n\t\t\t\t\t\t\t<div class=\"wpsm_team_1_member_wrapper_inner\">\r\n\t\t\t\t\t\t\t\t<h3>\r\n\t\t\t\t\t\t\t\t\tPaolo Nesi\t\t\t\t\t\t\t\t\t<div class=\"wpsm_team_1_name_divider\"><\/div>\r\n\t\t\t\t\t\t\t\t<\/h3>\r\n\t\t\t\t\t\t\t\t\t\t\t\t\t\t\t\t<p class=\"wpsm_team_1_b_desc\"> University of Florence, Italy <\/p> \t\t\t\t\t\t\t\t<div class=\"wpsm_team_1_social_div\">\r\n\t\t\t\t\t\t\t\t\t\t\t\t\t\t\t\t\t\t\t\t\t\t\t\t\t\t\t\t\t\t\t\t\t\t\t\t\t\t\t\t\t\t\t\t<\/div>\r\n\t\t\t\t\t\t\t<\/div>\r\n\t\t\t\t\t\t<\/div>\r\n\t\t\t\t\t<\/div>\r\n\t\t\t\t\t\t\t\t\t\t\t\t\t \r\n\t\t\t\t\t<div class=\"wpsm_col-md-3 wpsm_col-sm-6 wpsm-col-div wpsm_single_team\">\r\n\t\t\t\t\t\t<div class=\"wpsm_team_1_member_wrapper\">\r\n\t\t\t\t\t\t\t<img decoding=\"async\" class=\"img-responsive wpsm_team_1_mem_img\" src=\"https:\/\/cisose.fit.ac.jp\/bds\/wp-content\/uploads\/2026\/01\/hidaka.jpg\" alt=\"Akinori Hidaka\">\r\n\t\t\t\t\t\t\t<div class=\"wpsm_team_1_member_wrapper_inner\">\r\n\t\t\t\t\t\t\t\t<h3>\r\n\t\t\t\t\t\t\t\t\tAkinori Hidaka\t\t\t\t\t\t\t\t\t<div class=\"wpsm_team_1_name_divider\"><\/div>\r\n\t\t\t\t\t\t\t\t<\/h3>\r\n\t\t\t\t\t\t\t\t\t\t\t\t\t\t\t\t<p class=\"wpsm_team_1_b_desc\"> Tokyo Denki University, Japan <\/p> \t\t\t\t\t\t\t\t<div class=\"wpsm_team_1_social_div\">\r\n\t\t\t\t\t\t\t\t\t\t\t\t\t\t\t\t\t\t\t\t\t\t\t\t\t\t\t\t\t\t\t\t\t\t\t\t\t\t\t\t\t\t\t\t<\/div>\r\n\t\t\t\t\t\t\t<\/div>\r\n\t\t\t\t\t\t<\/div>\r\n\t\t\t\t\t<\/div>\r\n\t\t\t\t\t\t\t\t\t\t\t\t\r\n\t\t<\/div>\r\n\t<\/div><\/div>\n\t\t\t\t\t\t<\/div>\n\t\t\t\t<div class=\"elementor-element elementor-element-dd443ce elementor-widget elementor-widget-heading\" data-id=\"dd443ce\" data-element_type=\"widget\" data-widget_type=\"heading.default\">\n\t\t\t\t\t<h3 class=\"elementor-heading-title elementor-size-default\">Publicity Chair<\/h3>\t\t\t\t<\/div>\n\t\t\t\t<div class=\"elementor-element elementor-element-573f89b elementor-widget elementor-widget-shortcode\" data-id=\"573f89b\" data-element_type=\"widget\" data-widget_type=\"shortcode.default\">\n\t\t\t\t\t\t\t<div class=\"elementor-shortcode\">\t<!-- wpshopmart team builder design 1 wrapper -->\r\n\t<div class=\"wpsm_team_1_b_row\" id=\"wpsm_team_1_b_row_1040\">\r\n\t\t<div class=\"wpsm_row\">  \r\n\t\t\t<style>\r\n\t\t\t#wpsm_team_1_b_row_1040 .wpsm_team_1_member_wrapper_inner h3{\r\n\t\t\t\tcolor:#000000 !important;\r\n\t\t\t\tfont-size:18px !important;\r\n\t\t\t\t\t\t\t\t  font-family:'Arial';\r\n\t\t\t\t\t\t\t\t\r\n\t\t\t}\r\n\t\t\t#wpsm_team_1_b_row_1040 .wpsm_team_1_name_divider{\r\n\t\t\t\tbackground-color:#000000 !important;\r\n\t\t\t}\r\n\t\t\t#wpsm_team_1_b_row_1040 .wpsm_team_1_b_desig{\r\n\t\t\t\tcolor:#000000 !important;\r\n\t\t\t\tfont-size:14px !important;\r\n\t\t\t\t\t\t\t\t   font-family:'Arial';\r\n\t\t\t\t\t\t\t}\r\n\t\t\t#wpsm_team_1_b_row_1040 .wpsm_team_1_b_desc{\r\n\t\t\t\tcolor:#000000 !important;\r\n\t\t\t\tfont-size:14px !important;\r\n\t\t\t\t\t\t\t\t   font-family:'Arial';\r\n\t\t\t\t\t\t\t}\r\n\t\t\t#wpsm_team_1_b_row_1040  p{\r\n\t\t\t\tcolor:#000000 !important;\r\n\t\t\t\tfont-size:14px !important;\r\n\t\t\t    \t\t\t\t   font-family:'Arial';\r\n\t\t\t\t\t\t\t\t\r\n\t\t\t}\r\n\t\t\t\r\n\t\t\t#wpsm_team_1_b_row_1040 .wpsm_team_1_social_div a i{\r\n\t\t\t\tcolor:#4f4f4f !important;\r\n\t\t\t\tbackground:#e5e5e5 !important;\r\n\t\t\t}\r\n\t\t\t\t\t\t\r\n\t\t\t<\/style>\r\n\t\t\t\t\t\t \r\n\t\t\t\t\t<div class=\"wpsm_col-md-3 wpsm_col-sm-6 wpsm-col-div wpsm_single_team\">\r\n\t\t\t\t\t\t<div class=\"wpsm_team_1_member_wrapper\">\r\n\t\t\t\t\t\t\t<img decoding=\"async\" class=\"img-responsive wpsm_team_1_mem_img\" src=\"https:\/\/cisose.fit.ac.jp\/bds\/wp-content\/uploads\/2025\/12\/Jingfu-e1766415885764.jpg\" alt=\"Jing Fu\">\r\n\t\t\t\t\t\t\t<div class=\"wpsm_team_1_member_wrapper_inner\">\r\n\t\t\t\t\t\t\t\t<h3>\r\n\t\t\t\t\t\t\t\t\tJing Fu\t\t\t\t\t\t\t\t\t<div class=\"wpsm_team_1_name_divider\"><\/div>\r\n\t\t\t\t\t\t\t\t<\/h3>\r\n\t\t\t\t\t\t\t\t\t\t\t\t\t\t\t\t<p class=\"wpsm_team_1_b_desc\"> Fukuoka Institute of Technology, Japan <\/p> \t\t\t\t\t\t\t\t<div class=\"wpsm_team_1_social_div\">\r\n\t\t\t\t\t\t\t\t\t\t\t\t\t\t\t\t\t\t\t\t\t\t\t\t\t\t\t\t\t\t\t\t\t\t\t\t\t\t\t\t\t\t\t\t<\/div>\r\n\t\t\t\t\t\t\t<\/div>\r\n\t\t\t\t\t\t<\/div>\r\n\t\t\t\t\t<\/div>\r\n\t\t\t\t\t\t\t\t\t\t\t\t\t \r\n\t\t\t\t\t<div class=\"wpsm_col-md-3 wpsm_col-sm-6 wpsm-col-div wpsm_single_team\">\r\n\t\t\t\t\t\t<div class=\"wpsm_team_1_member_wrapper\">\r\n\t\t\t\t\t\t\t<img decoding=\"async\" class=\"img-responsive wpsm_team_1_mem_img\" src=\"https:\/\/cisose.fit.ac.jp\/bds\/wp-content\/uploads\/2025\/12\/Chia-Kai-Chang.webp\" alt=\"Chia Kai Chang\">\r\n\t\t\t\t\t\t\t<div class=\"wpsm_team_1_member_wrapper_inner\">\r\n\t\t\t\t\t\t\t\t<h3>\r\n\t\t\t\t\t\t\t\t\tChia Kai Chang\t\t\t\t\t\t\t\t\t<div class=\"wpsm_team_1_name_divider\"><\/div>\r\n\t\t\t\t\t\t\t\t<\/h3>\r\n\t\t\t\t\t\t\t\t\t\t\t\t\t\t\t\t<p class=\"wpsm_team_1_b_desc\"> National Central University, Taiwan <\/p> \t\t\t\t\t\t\t\t<div class=\"wpsm_team_1_social_div\">\r\n\t\t\t\t\t\t\t\t\t\t\t\t\t\t\t\t\t\t\t\t\t\t\t\t\t\t\t\t\t\t\t\t\t\t\t\t\t\t\t\t\t\t\t\t<\/div>\r\n\t\t\t\t\t\t\t<\/div>\r\n\t\t\t\t\t\t<\/div>\r\n\t\t\t\t\t<\/div>\r\n\t\t\t\t\t\t\t\t\t\t\t\t\t \r\n\t\t\t\t\t<div class=\"wpsm_col-md-3 wpsm_col-sm-6 wpsm-col-div wpsm_single_team\">\r\n\t\t\t\t\t\t<div class=\"wpsm_team_1_member_wrapper\">\r\n\t\t\t\t\t\t\t<img decoding=\"async\" class=\"img-responsive wpsm_team_1_mem_img\" src=\"https:\/\/cisose.fit.ac.jp\/bds\/wp-content\/uploads\/2026\/02\/Bernardo-Flores-6-.webp\" alt=\"Bernardo Flores\">\r\n\t\t\t\t\t\t\t<div class=\"wpsm_team_1_member_wrapper_inner\">\r\n\t\t\t\t\t\t\t\t<h3>\r\n\t\t\t\t\t\t\t\t\tBernardo Flores\t\t\t\t\t\t\t\t\t<div class=\"wpsm_team_1_name_divider\"><\/div>\r\n\t\t\t\t\t\t\t\t<\/h3>\r\n\t\t\t\t\t\t\t\t\t\t\t\t\t\t\t\t<p class=\"wpsm_team_1_b_desc\"> San Jose State University, USA <\/p> \t\t\t\t\t\t\t\t<div class=\"wpsm_team_1_social_div\">\r\n\t\t\t\t\t\t\t\t\t\t\t\t\t\t\t\t\t\t\t\t\t\t\t\t\t\t\t\t\t\t\t\t\t\t\t\t\t\t\t\t\t\t\t\t<\/div>\r\n\t\t\t\t\t\t\t<\/div>\r\n\t\t\t\t\t\t<\/div>\r\n\t\t\t\t\t<\/div>\r\n\t\t\t\t\t\t\t\t\t\t\t\t\r\n\t\t<\/div>\r\n\t<\/div><\/div>\n\t\t\t\t\t\t<\/div>\n\t\t\t\t<div class=\"elementor-element elementor-element-c2043b5 elementor-widget elementor-widget-heading\" data-id=\"c2043b5\" data-element_type=\"widget\" data-widget_type=\"heading.default\">\n\t\t\t\t\t<h3 class=\"elementor-heading-title elementor-size-default\">Program Committee<\/h3>\t\t\t\t<\/div>\n\t\t\t\t<div class=\"elementor-element elementor-element-a15d432 elementor-widget elementor-widget-text-editor\" data-id=\"a15d432\" data-element_type=\"widget\" data-widget_type=\"text-editor.default\">\n\t\t\t\t\t\t\t\t\t<ul>\n<li>Faranak Abri, San Jose State University, USA<\/li>\n<li>Igor de Almeida, Otemon Gakuin University, Japan<\/li>\n<li>Nada Attar, San Jose State University, USA<\/li>\n<li>Surapong Auwatanamongkol, National Institute of Development Administration (NIDA), Thailand<\/li>\n<li>Mahima Agumbe Suresh, San Jose State University, USA<\/li>\n<li>William Andreopoulos, San Jose State University, USA<\/li>\n<li>\nAhsaas Bajaj, Instacart, USA<\/li>\n<li>Faycal Bensaali, Qatar University, Qatar<\/li>\n<li>M\u00e1rcio Castro, Federal University of Santa Catarina (UFSC), Brazil<\/li>\n<li>Nelio Cacho, Federal University of Rio Grande do Norte (UFRN), Brazil<\/li>\n<li>Cinzia Cappiello, Politecnico di Milano, Italy<\/li>\n<li>Emanuele Carlini, CNR-ISTI, Italy<\/li>\n<li>Anath Chatterjee, PayPal, USA<\/li>\n<li>Vuthea Chheang, San Jose State University, USA<\/li>\n<li>Stefano Cirillo, University of Salerno, Italy<\/li>\n<li><span style=\"font-size: 1rem;\">Enrico Collini, University of Florence (DISIT Lab \/ Snap4City), Italy<\/span><\/li>\n<li>Kalliopi Dalakleidi, Athens University of Economics and Business, Greece<\/li>\n<li>Luca Davoli, University of Parma, Italy<\/li>\n<li><span style=\"font-size: 1rem;\">Subhankar Dhar, San Jose State University, USA<\/span><\/li>\n<li>Marcel Dix, ABB Corporate Research, Germany<\/li>\n<li>Bernardo Flores, San Jose State University, USA<\/li>\n<li><span style=\"font-size: 1rem;\">Kaoru Fujioka, Fukuoka Women\u2019s University, Japan<\/span><\/li>\n<li>Alberto Garc\u00eda S., Universitat Polit\u00e8cnica de Val\u00e8ncia, Spain<\/li>\n<li>Jelena Gligorijevic, San Jose State University, USA<\/li>\n<li>Christos Gogos, University of Ioannina, Greece<\/li>\n<li><span style=\"font-size: 1rem;\">Gabriel Gomes de Oliveira, UNICAMP, Brazil<\/span><\/li>\n<li><span style=\"font-size: 1rem;\">Luciano Alessandro Ipsaro Palesi, Universit\u00e0 degli Studi di Firenze (DINFO, DISIT Lab), Italy<\/span><\/li>\n<li><span style=\"font-size: 1rem;\">Genya Ishigaki, San Jose State University, USA<\/span><\/li>\n<li><span style=\"font-size: 1rem;\">Jinoh Kim, Texas A&amp;M University\u2013Commerce, USA<\/span><\/li><li><span style=\"font-size: 1rem;\">Chalapathi Koneni, Amazon, USA<\/span><\/li>\n<li><span style=\"font-size: 1rem;\">Ioannis Kontopoulos, National Technical University of Athens, Greece<\/span><\/li>\n<li><span style=\"font-size: 1rem;\">Maria Kyrarini, Santa Clara University, USA<\/span><\/li>\n<li><span style=\"font-size: 1rem;\">Jun Liu, San Jose State University, USA<\/span><\/li>\n<li>Li Liu, Chongqing University, China<\/li>\n<li>Meng Ma, Peking University, China<\/li>\n<li>Antonios Makris, National Technical University of Athens, Greece<\/li>\n<li>Qizhong Mao, ByteDance, China<\/li>\n<li>Dimitrios Michail, Harokopio University of Athens, Greece<\/li>\n<li>Ronaldo Mello, Federal University of Santa Catarina (UFSC), Brazil<\/li>\n<li>Jos\u00e9 Luis Oliveira, University of Aveiro, Portugal<\/li>\n<li>Georgios Th. Papadopoulos, Harokopio University of Athens, Greece<\/li>\n<li><span style=\"font-size: 1rem;\">Dana Petcu, West University of Timisoara, Romania<\/span><\/li>\n<li><span style=\"font-size: 1rem;\">Petros Potikas, National Technical University of Athens, Greece<\/span><\/li>\n<li>Jos\u00e9 Fabi\u00e1n Reyes Rom\u00e1n, Universitat Polit\u00e8cnica de Val\u00e8ncia (VRAIN), Spain<\/li>\n<li>Monjoy Saha, Emory University, USA<\/li>\n<li>Gurmeet Saran, Anthropic, USA<\/li>\n<li><span style=\"font-size: 1rem;\">Christos Sardianos, Harokopio University of Athens, Greece<\/span><\/li>\n<li>Saptarshi Sengupta, San Jose State University, USA<\/li>\n<li>Jenil Shah, Amazon, USA<\/li>\n<li>Gurmeet Singh, Anthropic, USA<\/li>\n<li>Rachanart Soontornvorn, SIRIUS Technologies Pte. Ltd., Singapore<\/li>\n<li>Mahima Agumbe Suresh, San Jose State University, USA<\/li>\n<li>Kushal Thakkar, Anthropic, USA<\/li>\n<li>Konstantinos Tserpes, National Technical University of Athens, Greece<\/li>\n<li><span style=\"font-size: 1rem;\">Wencen Wu, San Jose State University, USA<\/span><\/li>\n<li>Xiaotian Xu, Beijing Urban Construction Intelligent Control, China<\/li>\n<li>Muhammad Younas, Oxford Brookes University, United Kingdom<\/li>\n<\/ul>\t\t\t\t\t\t\t\t<\/div>\n\t\t\t\t\t<\/div>\n\t\t<\/div>\n\t\t\t\t\t<\/div>\n\t\t<\/section>\n\t\t\t\t<\/div>\n\t\t","protected":false},"excerpt":{"rendered":"<p>General Chairs Program Chairs Publicity Chair Program Committee Faranak Abri, San Jose State University, USA Igor de Almeida, Otemon Gakuin University, Japan Nada Attar, San Jose State University, USA Surapong Auwatanamongkol, National Institute of Development Administration (NIDA), Thailand Mahima Agumbe Suresh, San Jose State University, USA William Andreopoulos, San Jose State University, USA Ahsaas Bajaj, [&hellip;]<\/p>\n","protected":false},"author":1,"featured_media":0,"parent":0,"menu_order":0,"comment_status":"closed","ping_status":"closed","template":"","meta":{"footnotes":""},"class_list":["post-189","page","type-page","status-publish","hentry"],"_links":{"self":[{"href":"https:\/\/cisose.fit.ac.jp\/bds\/index.php\/wp-json\/wp\/v2\/pages\/189","targetHints":{"allow":["GET"]}}],"collection":[{"href":"https:\/\/cisose.fit.ac.jp\/bds\/index.php\/wp-json\/wp\/v2\/pages"}],"about":[{"href":"https:\/\/cisose.fit.ac.jp\/bds\/index.php\/wp-json\/wp\/v2\/types\/page"}],"author":[{"embeddable":true,"href":"https:\/\/cisose.fit.ac.jp\/bds\/index.php\/wp-json\/wp\/v2\/users\/1"}],"replies":[{"embeddable":true,"href":"https:\/\/cisose.fit.ac.jp\/bds\/index.php\/wp-json\/wp\/v2\/comments?post=189"}],"version-history":[{"count":19,"href":"https:\/\/cisose.fit.ac.jp\/bds\/index.php\/wp-json\/wp\/v2\/pages\/189\/revisions"}],"predecessor-version":[{"id":1471,"href":"https:\/\/cisose.fit.ac.jp\/bds\/index.php\/wp-json\/wp\/v2\/pages\/189\/revisions\/1471"}],"wp:attachment":[{"href":"https:\/\/cisose.fit.ac.jp\/bds\/index.php\/wp-json\/wp\/v2\/media?parent=189"}],"curies":[{"name":"wp","href":"https:\/\/api.w.org\/{rel}","templated":true}]}}