{"id":129,"date":"2022-10-25T10:56:15","date_gmt":"2022-10-25T10:56:15","guid":{"rendered":"https:\/\/v2testsite3.hua.gr\/?page_id=129"},"modified":"2026-02-02T20:21:34","modified_gmt":"2026-02-02T20:21:34","slug":"home","status":"publish","type":"page","link":"https:\/\/cisose.fit.ac.jp\/dapps\/","title":{"rendered":"Home"},"content":{"rendered":"\t\t<div data-elementor-type=\"wp-page\" data-elementor-id=\"129\" class=\"elementor elementor-129\">\n\t\t\t\t\t\t<section class=\"elementor-section elementor-top-section elementor-element elementor-element-5eeabf6 elementor-section-full_width elementor-section-stretched elementor-section-height-min-height elementor-section-height-default elementor-section-items-middle\" data-id=\"5eeabf6\" data-element_type=\"section\" data-settings=\"{&quot;background_background&quot;:&quot;classic&quot;,&quot;stretch_section&quot;:&quot;section-stretched&quot;}\">\n\t\t\t\t\t\t<div class=\"elementor-container elementor-column-gap-default\">\n\t\t\t\t\t<div class=\"elementor-column elementor-col-100 elementor-top-column elementor-element elementor-element-98ea407\" data-id=\"98ea407\" data-element_type=\"column\">\n\t\t\t<div class=\"elementor-widget-wrap elementor-element-populated\">\n\t\t\t\t<div class=\"elementor-element elementor-element-67fc9db e-con-full e-flex e-con e-parent\" data-id=\"67fc9db\" data-element_type=\"container\">\n\t\t\t\t<div class=\"elementor-element elementor-element-4aa10ab elementor-arrows-position-inside elementor-pagination-position-outside elementor-widget elementor-widget-image-carousel\" data-id=\"4aa10ab\" data-element_type=\"widget\" data-settings=\"{&quot;slides_to_show&quot;:&quot;1&quot;,&quot;autoplay_speed&quot;:3000,&quot;navigation&quot;:&quot;both&quot;,&quot;autoplay&quot;:&quot;yes&quot;,&quot;pause_on_hover&quot;:&quot;yes&quot;,&quot;pause_on_interaction&quot;:&quot;yes&quot;,&quot;infinite&quot;:&quot;yes&quot;,&quot;effect&quot;:&quot;slide&quot;,&quot;speed&quot;:500}\" data-widget_type=\"image-carousel.default\">\n\t\t\t\t\t\t\t<div class=\"elementor-image-carousel-wrapper swiper\" role=\"region\" aria-roledescription=\"carousel\" aria-label=\"Image Carousel\" dir=\"ltr\">\n\t\t\t<div class=\"elementor-image-carousel swiper-wrapper swiper-image-stretch\" aria-live=\"off\">\n\t\t\t\t\t\t\t\t<div class=\"swiper-slide\" role=\"group\" aria-roledescription=\"slide\" aria-label=\"1 of 3\"><figure class=\"swiper-slide-inner\"><img decoding=\"async\" class=\"swiper-slide-image\" src=\"https:\/\/cisose.fit.ac.jp\/dapps\/wp-content\/uploads\/elementor\/thumbs\/test1-scaled-rh1blfq5djm431x5hldt43ag677anu6zc4n8hepg2o.jpg\" alt=\"test1\" \/><\/figure><\/div><div class=\"swiper-slide\" role=\"group\" aria-roledescription=\"slide\" aria-label=\"2 of 3\"><figure class=\"swiper-slide-inner\"><img decoding=\"async\" class=\"swiper-slide-image\" src=\"https:\/\/cisose.fit.ac.jp\/dapps\/wp-content\/uploads\/elementor\/thumbs\/test2-scaled-rh1ck5vhv75h0fh8plrm8bti8o1h1a1zg0b0rf7u74.jpg\" alt=\"test2\" \/><\/figure><\/div><div class=\"swiper-slide\" role=\"group\" aria-roledescription=\"slide\" aria-label=\"3 of 3\"><figure class=\"swiper-slide-inner\"><img decoding=\"async\" class=\"swiper-slide-image\" src=\"https:\/\/cisose.fit.ac.jp\/dapps\/wp-content\/uploads\/elementor\/thumbs\/test3-scaled-rh1ckw6z6k5i1if0fx56656evgfr0sygvmkm764tcw.jpg\" alt=\"test3\" \/><\/figure><\/div>\t\t\t<\/div>\n\t\t\t\t\t\t\t\t\t\t\t\t<div class=\"elementor-swiper-button elementor-swiper-button-prev\" role=\"button\" tabindex=\"0\">\n\t\t\t\t\t\t<svg aria-hidden=\"true\" class=\"e-font-icon-svg e-eicon-chevron-left\" viewBox=\"0 0 1000 1000\" xmlns=\"http:\/\/www.w3.org\/2000\/svg\"><path d=\"M646 125C629 125 613 133 604 142L308 442C296 454 292 471 292 487 292 504 296 521 308 533L604 854C617 867 629 875 646 875 663 875 679 871 692 858 704 846 713 829 713 812 713 796 708 779 692 767L438 487 692 225C700 217 708 204 708 187 708 171 704 154 692 142 675 129 663 125 646 125Z\"><\/path><\/svg>\t\t\t\t\t<\/div>\n\t\t\t\t\t<div class=\"elementor-swiper-button elementor-swiper-button-next\" role=\"button\" tabindex=\"0\">\n\t\t\t\t\t\t<svg aria-hidden=\"true\" class=\"e-font-icon-svg e-eicon-chevron-right\" viewBox=\"0 0 1000 1000\" xmlns=\"http:\/\/www.w3.org\/2000\/svg\"><path d=\"M696 533C708 521 713 504 713 487 713 471 708 454 696 446L400 146C388 133 375 125 354 125 338 125 325 129 313 142 300 154 292 171 292 187 292 204 296 221 308 233L563 492 304 771C292 783 288 800 288 817 288 833 296 850 308 863 321 871 338 875 354 875 371 875 388 867 400 854L696 533Z\"><\/path><\/svg>\t\t\t\t\t<\/div>\n\t\t\t\t\n\t\t\t\t\t\t\t\t\t<div class=\"swiper-pagination\"><\/div>\n\t\t\t\t\t\t\t\t\t<\/div>\n\t\t\t\t\t\t<\/div>\n\t\t\t\t<div class=\"elementor-element elementor-element-bc67dd2 elementor-widget elementor-widget-heading\" data-id=\"bc67dd2\" data-element_type=\"widget\" data-widget_type=\"heading.default\">\n\t\t\t\t\t<h1 class=\"elementor-heading-title elementor-size-default\">IEEE DAPPS 2026<br>The 8th IEEE International Conference on Decentralized Applications and Infrastructures<br> July 27-30, 2026 | Fukuoka, Japan<\/h1>\t\t\t\t<\/div>\n\t\t\t\t<\/div>\n\t\t\t\t\t<\/div>\n\t\t<\/div>\n\t\t\t\t\t<\/div>\n\t\t<\/section>\n\t\t\t\t<section class=\"elementor-section elementor-top-section elementor-element elementor-element-0d46d81 elementor-section-boxed elementor-section-height-default elementor-section-height-default\" data-id=\"0d46d81\" data-element_type=\"section\">\n\t\t\t\t\t\t<div class=\"elementor-container elementor-column-gap-default\">\n\t\t\t\t\t<div class=\"elementor-column elementor-col-100 elementor-top-column elementor-element elementor-element-21be97a\" data-id=\"21be97a\" data-element_type=\"column\">\n\t\t\t<div class=\"elementor-widget-wrap elementor-element-populated\">\n\t\t\t\t\t\t<div class=\"elementor-element elementor-element-7e2678a elementor-widget elementor-widget-heading\" data-id=\"7e2678a\" data-element_type=\"widget\" data-widget_type=\"heading.default\">\n\t\t\t\t\t<h3 class=\"elementor-heading-title elementor-size-default\"><a href=\"https:\/\/ieee-cisose-congress.org\/\">Welcome to DAPPS 2026<\/a><\/h3>\t\t\t\t<\/div>\n\t\t\t\t\t<\/div>\n\t\t<\/div>\n\t\t\t\t\t<\/div>\n\t\t<\/section>\n\t\t\t\t<section class=\"elementor-section elementor-top-section elementor-element elementor-element-69194e0 elementor-section-boxed elementor-section-height-default elementor-section-height-default\" data-id=\"69194e0\" data-element_type=\"section\">\n\t\t\t\t\t\t<div class=\"elementor-container elementor-column-gap-default\">\n\t\t\t\t\t<div class=\"elementor-column elementor-col-100 elementor-top-column elementor-element elementor-element-124ef55\" data-id=\"124ef55\" data-element_type=\"column\">\n\t\t\t<div class=\"elementor-widget-wrap elementor-element-populated\">\n\t\t\t\t\t\t<div class=\"elementor-element elementor-element-a89eb6a elementor-widget elementor-widget-text-editor\" data-id=\"a89eb6a\" data-element_type=\"widget\" data-widget_type=\"text-editor.default\">\n\t\t\t\t\t\t\t\t\t<div style=\"font-family: 'Roboto', sans-serif; color: #444; line-height: 1.6;\"><p>The 8th IEEE International Conference on Decentralized Applications and Infrastructures (IEEE DAPPS 2026) aims to bring together researchers and industry professionals working on decentralized applications (dApps), Blockchain and Distributed Ledger Technologies. The event is part of the larger IEEE CISOSE 2026 congress and focuses on the practical and theoretical advancements in decentralized systems.<\/p><p>While Blockchain is well-known for its role in digital payments and cryptocurrencies, its broader potential lies in creating decentralized applications (dApps) that can revolutionize various industries across domains such as supply chains, certificate management, and data sovereignty. dApps provide secure, transparent, and tamper-resistant solutions for peer-to-peer transactions, eliminating the need for a trusted central authority.<\/p><p>IEEE DAPPS 2026 will focus on key topics such as decentralized algorithms, infrastructure, and real-world deployments. The conference will offer a platform to discuss innovations, challenges, and future directions in the development and use of dApps across industries.<\/p><p>The conference organizers are currently undergoing an approval process for a journal special issue on the conference topic, thus creating an opportunity for publishing an extended version of the conference papers.<\/p><p>This year\u2019s conference is scheduled to take place in Fukuoka, Japan, from 27-30, July 2026. The conference is part of <a style=\"color: #0073aa; text-decoration: underline;\" href=\"https:\/\/cisose.fit.ac.jp\/2026\/\">IEEE CISOSE 2026 congress<\/a>.<\/p><\/div>\t\t\t\t\t\t\t\t<\/div>\n\t\t\t\t\t<\/div>\n\t\t<\/div>\n\t\t\t\t\t<\/div>\n\t\t<\/section>\n\t\t\t\t<section class=\"elementor-section elementor-top-section elementor-element elementor-element-a27e4a4 elementor-section-boxed elementor-section-height-default elementor-section-height-default\" data-id=\"a27e4a4\" data-element_type=\"section\">\n\t\t\t\t\t\t<div class=\"elementor-container elementor-column-gap-default\">\n\t\t\t\t\t<div class=\"elementor-column elementor-col-100 elementor-top-column elementor-element elementor-element-f76f56c\" data-id=\"f76f56c\" data-element_type=\"column\">\n\t\t\t<div class=\"elementor-widget-wrap elementor-element-populated\">\n\t\t\t\t\t\t<div class=\"elementor-element elementor-element-937d898 elementor-widget elementor-widget-heading\" data-id=\"937d898\" data-element_type=\"widget\" data-widget_type=\"heading.default\">\n\t\t\t\t\t<h3 class=\"elementor-heading-title elementor-size-default\"><a href=\"https:\/\/ieee-cisose-congress.org\/\">Conference Officers<\/a><\/h3>\t\t\t\t<\/div>\n\t\t\t\t\t<\/div>\n\t\t<\/div>\n\t\t\t\t\t<\/div>\n\t\t<\/section>\n\t\t<div class=\"elementor-element elementor-element-ad548e1 e-flex e-con-boxed e-con e-parent\" data-id=\"ad548e1\" data-element_type=\"container\">\n\t\t\t\t\t<div class=\"e-con-inner\">\n\t\t\t\t<div class=\"elementor-element elementor-element-b6bb6d7 elementor-widget elementor-widget-heading\" data-id=\"b6bb6d7\" data-element_type=\"widget\" data-widget_type=\"heading.default\">\n\t\t\t\t\t<h4 class=\"elementor-heading-title elementor-size-default\">General Chairs<\/h4>\t\t\t\t<\/div>\n\t\t\t\t<div class=\"elementor-element elementor-element-a2c054c elementor-widget elementor-widget-text-editor\" data-id=\"a2c054c\" data-element_type=\"widget\" data-widget_type=\"text-editor.default\">\n\t\t\t\t\t\t\t\t\t<div style=\"font-family: 'Roboto', sans-serif; color: #444; line-height: 1.6;\"><p><span style=\"font-weight: bold;\">Gengrui Zhang<\/span>, Concordia University<\/p><p><span style=\"font-weight: bold;\">Xiaojie Zhu<\/span>, King Abdullah University of Science and Technology (KAUST)<\/p><\/div>\t\t\t\t\t\t\t\t<\/div>\n\t\t\t\t<div class=\"elementor-element elementor-element-f5c7c40 elementor-widget elementor-widget-heading\" data-id=\"f5c7c40\" data-element_type=\"widget\" data-widget_type=\"heading.default\">\n\t\t\t\t\t<h4 class=\"elementor-heading-title elementor-size-default\">Program Committee Chair<\/h4>\t\t\t\t<\/div>\n\t\t\t\t<div class=\"elementor-element elementor-element-b0da029 elementor-widget elementor-widget-text-editor\" data-id=\"b0da029\" data-element_type=\"widget\" data-widget_type=\"text-editor.default\">\n\t\t\t\t\t\t\t\t\t<div style=\"font-family: 'Roboto', sans-serif; color: #444; line-height: 1.6;\">\n    <p><b>Abdelhakim Senhaji Hafid<\/b>, University of Montreal<\/p>\n<\/div>\t\t\t\t\t\t\t\t<\/div>\n\t\t\t\t<div class=\"elementor-element elementor-element-bf663de elementor-widget elementor-widget-heading\" data-id=\"bf663de\" data-element_type=\"widget\" data-widget_type=\"heading.default\">\n\t\t\t\t\t<h4 class=\"elementor-heading-title elementor-size-default\">Local Chairs<\/h4>\t\t\t\t<\/div>\n\t\t\t\t<div class=\"elementor-element elementor-element-6231de6 elementor-widget elementor-widget-text-editor\" data-id=\"6231de6\" data-element_type=\"widget\" data-widget_type=\"text-editor.default\">\n\t\t\t\t\t\t\t\t\t<div style=\"font-family: 'Roboto', sans-serif; color: #444; line-height: 1.6;\"><p><strong>Hiroyuki Fujioka<\/strong>, Fukuoka Institute of Technology<\/p><p><strong>Hiroyuki Sato<\/strong>, The University of Tokyo<\/p><\/div>\t\t\t\t\t\t\t\t<\/div>\n\t\t\t\t<div class=\"elementor-element elementor-element-5544e30 elementor-widget elementor-widget-heading\" data-id=\"5544e30\" data-element_type=\"widget\" data-widget_type=\"heading.default\">\n\t\t\t\t\t<h4 class=\"elementor-heading-title elementor-size-default\">Publications Chair<\/h4>\t\t\t\t<\/div>\n\t\t\t\t<div class=\"elementor-element elementor-element-cd449c2 elementor-widget elementor-widget-text-editor\" data-id=\"cd449c2\" data-element_type=\"widget\" data-widget_type=\"text-editor.default\">\n\t\t\t\t\t\t\t\t\t<div style=\"font-family: 'Roboto', sans-serif; color: #444; line-height: 1.6;\">\n    <p><b>Stephen Fan<\/b>, The King&#8217;s University<\/p>\n<\/div>\t\t\t\t\t\t\t\t<\/div>\n\t\t\t\t<div class=\"elementor-element elementor-element-aadb67f elementor-widget elementor-widget-heading\" data-id=\"aadb67f\" data-element_type=\"widget\" data-widget_type=\"heading.default\">\n\t\t\t\t\t<h4 class=\"elementor-heading-title elementor-size-default\">Publicity Chair<\/h4>\t\t\t\t<\/div>\n\t\t\t\t<div class=\"elementor-element elementor-element-5f9586b elementor-widget elementor-widget-text-editor\" data-id=\"5f9586b\" data-element_type=\"widget\" data-widget_type=\"text-editor.default\">\n\t\t\t\t\t\t\t\t\t<div style=\"font-family: 'Roboto', sans-serif; color: #444; line-height: 1.6;\"><p><b>Sara Rouhani<\/b>, \u00c9cole de technologie sup\u00e9rieure (\u00c9TS Montr\u00e9al)<\/p><div style=\"font-family: 'Roboto', sans-serif; color: #444; line-height: 1.6;\"><p><b>Yi Liu<\/b>, Fukuoka Institute of Technology<\/p><\/div><\/div>\t\t\t\t\t\t\t\t<\/div>\n\t\t\t\t<div class=\"elementor-element elementor-element-deed14c elementor-widget elementor-widget-heading\" data-id=\"deed14c\" data-element_type=\"widget\" data-widget_type=\"heading.default\">\n\t\t\t\t\t<h4 class=\"elementor-heading-title elementor-size-default\">Steering Committees<\/h4>\t\t\t\t<\/div>\n\t\t\t\t<div class=\"elementor-element elementor-element-830265f elementor-widget elementor-widget-text-editor\" data-id=\"830265f\" data-element_type=\"widget\" data-widget_type=\"text-editor.default\">\n\t\t\t\t\t\t\t\t\t<div style=\"font-family: 'Roboto', sans-serif; color: #444; line-height: 1.6;\"><p><b>Kaiwen Zhang<\/b>, \u00c9cole de technologie sup\u00e9rieure (\u00c9TS Montr\u00e9al)<\/p><p><strong>Wei-Tek Tsai<\/strong>, Arizona State University<\/p><p><strong>Stefan Schulte, <\/strong>TU Berlin<\/p><\/div>\t\t\t\t\t\t\t\t<\/div>\n\t\t\t\t<div class=\"elementor-element elementor-element-ae32580 elementor-widget elementor-widget-heading\" data-id=\"ae32580\" data-element_type=\"widget\" data-widget_type=\"heading.default\">\n\t\t\t\t\t<h4 class=\"elementor-heading-title elementor-size-default\">Web Chair<\/h4>\t\t\t\t<\/div>\n\t\t\t\t<div class=\"elementor-element elementor-element-13fa861 elementor-widget elementor-widget-text-editor\" data-id=\"13fa861\" data-element_type=\"widget\" data-widget_type=\"text-editor.default\">\n\t\t\t\t\t\t\t\t\t<div style=\"font-family: 'Roboto', sans-serif; color: #444; line-height: 1.6;\"><p><b>Bingxu Zhu<\/b>, Concordia University<\/p><\/div>\t\t\t\t\t\t\t\t<\/div>\n\t\t\t\t\t<\/div>\n\t\t\t\t<\/div>\n\t\t\t\t<\/div>\n\t\t","protected":false},"excerpt":{"rendered":"<p>IEEE DAPPS 2026The 8th IEEE International Conference on Decentralized Applications and Infrastructures July 27-30, 2026 | Fukuoka, Japan Welcome to DAPPS 2026 The 8th IEEE International Conference on Decentralized Applications and Infrastructures (IEEE DAPPS 2026) aims to bring together researchers and industry professionals working on decentralized applications (dApps), Blockchain and Distributed Ledger Technologies. The event [&hellip;]<\/p>\n","protected":false},"author":1,"featured_media":1368,"parent":0,"menu_order":0,"comment_status":"closed","ping_status":"closed","template":"elementor_header_footer","meta":{"footnotes":""},"class_list":["post-129","page","type-page","status-publish","has-post-thumbnail","hentry"],"_links":{"self":[{"href":"https:\/\/cisose.fit.ac.jp\/dapps\/index.php\/wp-json\/wp\/v2\/pages\/129","targetHints":{"allow":["GET"]}}],"collection":[{"href":"https:\/\/cisose.fit.ac.jp\/dapps\/index.php\/wp-json\/wp\/v2\/pages"}],"about":[{"href":"https:\/\/cisose.fit.ac.jp\/dapps\/index.php\/wp-json\/wp\/v2\/types\/page"}],"author":[{"embeddable":true,"href":"https:\/\/cisose.fit.ac.jp\/dapps\/index.php\/wp-json\/wp\/v2\/users\/1"}],"replies":[{"embeddable":true,"href":"https:\/\/cisose.fit.ac.jp\/dapps\/index.php\/wp-json\/wp\/v2\/comments?post=129"}],"version-history":[{"count":54,"href":"https:\/\/cisose.fit.ac.jp\/dapps\/index.php\/wp-json\/wp\/v2\/pages\/129\/revisions"}],"predecessor-version":[{"id":1525,"href":"https:\/\/cisose.fit.ac.jp\/dapps\/index.php\/wp-json\/wp\/v2\/pages\/129\/revisions\/1525"}],"wp:featuredmedia":[{"embeddable":true,"href":"https:\/\/cisose.fit.ac.jp\/dapps\/index.php\/wp-json\/wp\/v2\/media\/1368"}],"wp:attachment":[{"href":"https:\/\/cisose.fit.ac.jp\/dapps\/index.php\/wp-json\/wp\/v2\/media?parent=129"}],"curies":[{"name":"wp","href":"https:\/\/api.w.org\/{rel}","templated":true}]}}